{"id":80,"date":"2016-09-20T20:12:36","date_gmt":"2016-09-20T18:12:36","guid":{"rendered":"http:\/\/www.zukunftgestalten.jetzt\/wp\/?page_id=80"},"modified":"2023-04-04T08:51:57","modified_gmt":"2023-04-04T06:51:57","slug":"seiteronny4","status":"publish","type":"page","link":"https:\/\/www.zukunftgestalten.jetzt\/wp\/?page_id=80","title":{"rendered":"85%"},"content":{"rendered":"<h1><strong>Alle reden von &#8222;Industrie 4.0&#8220; <\/strong><\/h1>\n<p>Doch die meisten haben noch immer keine Vorstellung, was das 4.0 schlussendlich\u00a0wirklich alles bedeutet, was da noch alles bis dorthin zu tun sein wird. Im Moment steuert\u00a0die Industrie auf die Optimierung der &#8222;Industrie 3.0&#8220; auf ein h\u00f6chstes Niveau hin, aber von 4.0 ist noch lange keine Rede.<\/p>\n<h1><strong>85% rulez \u2013 or \u2013 The 85% Rule<\/strong><\/h1>\n<p>Um eine Organisation resilient, zukunftsfit, kreativ und innovationsstark\u00a0zu machen, soll man mit maximal\u00a085% Auslastung planen.<\/p>\n<p>Das l\u00e4sst sich das ganz einfach mit der Warteschlangentheorie begr\u00fcnden (5-6Personen in der Schlange sind optimal):<\/p>\n<p><img loading=\"lazy\" decoding=\"async\" class=\"alignnone size-medium wp-image-261\" src=\"https:\/\/www.zukunftgestalten.jetzt\/wp\/wp-content\/uploads\/2016\/10\/Auslastungskurve-grafik-480x276.jpg\" alt=\"auslastungskurve-grafik\" width=\"480\" height=\"276\" srcset=\"https:\/\/www.zukunftgestalten.jetzt\/wp\/wp-content\/uploads\/2016\/10\/Auslastungskurve-grafik-480x276.jpg 480w, https:\/\/www.zukunftgestalten.jetzt\/wp\/wp-content\/uploads\/2016\/10\/Auslastungskurve-grafik-768x441.jpg 768w, https:\/\/www.zukunftgestalten.jetzt\/wp\/wp-content\/uploads\/2016\/10\/Auslastungskurve-grafik-640x368.jpg 640w, https:\/\/www.zukunftgestalten.jetzt\/wp\/wp-content\/uploads\/2016\/10\/Auslastungskurve-grafik.jpg 952w\" sizes=\"auto, (max-width: 480px) 100vw, 480px\" \/><\/p>\n<p>Allerdings:<br \/>\nFast\u00a0alle Unternehmensziele\u00a0sind zu hoch\u00a0angesetzt und damit\u00a0kontraproduktiv.<br \/>\nDie optimale\u00a0Auslastung von Mitarbeitern ist\u00a085%,\u00a0 alles was\u00a0zu 100% oder h\u00f6her\u00a0tendiert, erzeugt deutlich mehr Probleme samt\u00a0Folgeprobleme.<br \/>\nDas Management priorisiert damit Themen und Projekte, die aus den oben genannten Gr\u00fcnden\u00a0nicht funktionieren.<br \/>\nDiese falsche Priorisierung f\u00fchrt dazu, dass\u00a0Zukunfts- und Innovationsthemen vom Radar verschwinden.<\/p>\n<h1><strong>Managementlehre gr\u00fcndlich missverstanden!<\/strong><\/h1>\n<p>Japanische Managementlehre im Westen gr\u00fcndlich missverstanden!<\/p>\n<p>In der japanischen Managementlehre (KAIZEN, Toyota 3M Modell) gibt es drei Prinzipien:<\/p>\n<p>MUDA &#8211; keine Verschwendung (WASTE),<br \/>\nMURI &#8211; keine \u00dcberlastung von Mensch und Maschine\u00a0(OVERBURDEN),<br \/>\nMURA &#8211; keine Unregelm\u00e4ssigkeit im Prozessablauf (UNEVENNESS).<\/p>\n<p>Diese drei Prinzipien h\u00e4ngen jeweils miteinander sehr eng zusammen.<\/p>\n<p><img loading=\"lazy\" decoding=\"async\" class=\"alignnone size-medium wp-image-561\" src=\"https:\/\/www.zukunftgestalten.jetzt\/wp\/wp-content\/uploads\/2016\/12\/MudaMuriMura-480x360.jpg\" alt=\"\" width=\"480\" height=\"360\" srcset=\"https:\/\/www.zukunftgestalten.jetzt\/wp\/wp-content\/uploads\/2016\/12\/MudaMuriMura-480x360.jpg 480w, https:\/\/www.zukunftgestalten.jetzt\/wp\/wp-content\/uploads\/2016\/12\/MudaMuriMura-768x576.jpg 768w, https:\/\/www.zukunftgestalten.jetzt\/wp\/wp-content\/uploads\/2016\/12\/MudaMuriMura-640x480.jpg 640w, https:\/\/www.zukunftgestalten.jetzt\/wp\/wp-content\/uploads\/2016\/12\/MudaMuriMura.jpg 960w\" sizes=\"auto, (max-width: 480px) 100vw, 480px\" \/><\/p>\n<p>Wie so oft, \u00fcbernehmen westliche Manager nur einzelne Punkte ohne das ganzheitlichen Gef\u00fcge zu verstehen:<\/p>\n<p>Sehr oft wird nur das erste Prinzip MUDA angewendet, also keine Verschwendung von Resourcen wie Zeit oder Maschinennutzung.<br \/>\nMit der Auswirkung, dass die Auslastung beliebig hoch getrieben wird, die Menschen (\u00dcberstunden) somit \u00fcberlastet sind, und damit MURI automatisch verletzt ist.<br \/>\nAls Resultat dieser \u00dcberlastungen kommt es nat\u00fcrlicherweise zu Fehlern und Folgeproblemen, denen man sich gesondert widmen muss. Das passiert alles ausserhalb des regul\u00e4ren Ablaufes, womit MURA auch verletzt ist.<\/p>\n<p>Da ganze kann man auch verkehrt herum starten (oder gleich von oben weiter fortsetzen):<br \/>\nBei einem Fehler in der Produktion (MURA)<br \/>\nkommt es zu Stress und irgendwann Burnout (MURI)<br \/>\nwas wiederum aufgrund dessen zu Fehlern und Ausschuss f\u00fchrt (MUDA).<\/p>\n<p>MURI ist kontraproduktiv!<\/p>\n<p>Ausserdem:<br \/>\nINNOVATION kann nur in nicht verplanter Zeit passieren <a href=\"https:\/\/www.zukunftgestalten.jetzt\/wp\/?p=295\">(Stichwort 85%)<\/a>.<\/p>\n<h1><strong>BusinessTheater oder: Zur\u00fcck an die Arbeit!<\/strong><\/h1>\n<p>In vielen Firmen passiert nur mehr Businesstheater! F\u00fcr die wertsch\u00f6pfenden T\u00e4tigkeiten bleibt fatalerweise kein Raum mehr. Lars Vollmer\u00a0spricht Klartext und h\u00e4lt all denen einen Spiegel vor. Interessanterweise bemerken das die F\u00fchrungskr\u00e4fte selber aber nicht. Erst ab der zweiten Mitarbeiterebene wird die ganze Tragweite dieser Tragik verstanden. Millionen von Managern m\u00fcssten Harakiri machen.<\/p>\n<p><a href=\"http:\/\/oe1.orf.at\/programm\/442305\" target=\"_blank\" rel=\"noopener\">Zum Beitrag auf \u00d61 vom 13.7.2016<\/a> ( <a href=\"http:\/\/oe1.orf.at\/download?filter_journale=1\" target=\"_blank\" rel=\"noopener\">Interview zum nachh\u00f6ren<\/a>\u00a0)<\/p>\n<p><a href=\"https:\/\/www.youtube.com\/watch?v=wag7N__il5E\" target=\"_blank\" rel=\"noopener\">Zur\u00fcck an die Arbeit &#8211; Schluss mit dem Theater<\/a><\/p>\n<p>Das\u00a0<a href=\"http:\/\/www.zurueck-an-die-arbeit.de\" target=\"_blank\" rel=\"noopener\">Buch<\/a>\u00a0&#8211; ist nicht nur lesenswert, sondern vor allem zum hinsetzen, nachdenken und bessermachen geeignet!<\/p>\n<p><img loading=\"lazy\" decoding=\"async\" class=\"alignnone wp-image-366\" src=\"https:\/\/www.zukunftgestalten.jetzt\/wp\/wp-content\/uploads\/2016\/10\/Buch_Businesstheater-205x300.png\" alt=\"buch_businesstheater-205x300\" width=\"137\" height=\"200\" \/><\/p>\n","protected":false},"excerpt":{"rendered":"<p>Alle reden von &#8222;Industrie 4.0&#8220; Doch die meisten haben noch immer keine Vorstellung, was das 4.0 schlussendlich\u00a0wirklich alles bedeutet, was da noch alles bis dorthin &#8230; <a title=\"85%\" class=\"read-more\" href=\"https:\/\/www.zukunftgestalten.jetzt\/wp\/?page_id=80\" aria-label=\"Mehr Informationen \u00fcber 85%\">Weiterlesen &#8230;<\/a><\/p>\n","protected":false},"author":1,"featured_media":0,"parent":0,"menu_order":0,"comment_status":"closed","ping_status":"closed","template":"","meta":{"footnotes":""},"class_list":["post-80","page","type-page","status-publish"],"_links":{"self":[{"href":"https:\/\/www.zukunftgestalten.jetzt\/wp\/index.php?rest_route=\/wp\/v2\/pages\/80","targetHints":{"allow":["GET"]}}],"collection":[{"href":"https:\/\/www.zukunftgestalten.jetzt\/wp\/index.php?rest_route=\/wp\/v2\/pages"}],"about":[{"href":"https:\/\/www.zukunftgestalten.jetzt\/wp\/index.php?rest_route=\/wp\/v2\/types\/page"}],"author":[{"embeddable":true,"href":"https:\/\/www.zukunftgestalten.jetzt\/wp\/index.php?rest_route=\/wp\/v2\/users\/1"}],"replies":[{"embeddable":true,"href":"https:\/\/www.zukunftgestalten.jetzt\/wp\/index.php?rest_route=%2Fwp%2Fv2%2Fcomments&post=80"}],"version-history":[{"count":13,"href":"https:\/\/www.zukunftgestalten.jetzt\/wp\/index.php?rest_route=\/wp\/v2\/pages\/80\/revisions"}],"predecessor-version":[{"id":1503,"href":"https:\/\/www.zukunftgestalten.jetzt\/wp\/index.php?rest_route=\/wp\/v2\/pages\/80\/revisions\/1503"}],"wp:attachment":[{"href":"https:\/\/www.zukunftgestalten.jetzt\/wp\/index.php?rest_route=%2Fwp%2Fv2%2Fmedia&parent=80"}],"curies":[{"name":"wp","href":"https:\/\/api.w.org\/{rel}","templated":true}]}}