{"id":202,"date":"2016-10-24T15:26:43","date_gmt":"2016-10-24T13:26:43","guid":{"rendered":"http:\/\/www.zukunftgestalten.jetzt\/wp\/?page_id=202"},"modified":"2017-08-20T14:19:19","modified_gmt":"2017-08-20T12:19:19","slug":"gemeinde","status":"publish","type":"page","link":"https:\/\/www.zukunftgestalten.jetzt\/wp\/?page_id=202","title":{"rendered":"Gemeinde &#038; Oberwart"},"content":{"rendered":"<h1><strong>Oberwart muss eine Digitale Gemeinde und damit zukunftsfit werden!<\/strong><\/h1>\n<p>Eine &#8222;Digitale Gemeinde\u201c <img loading=\"lazy\" decoding=\"async\" class=\"size-medium wp-image-641 alignright\" src=\"https:\/\/www.zukunftgestalten.jetzt\/wp\/wp-content\/uploads\/2017\/08\/OW-digitale-Gemeinde-345x480.jpg\" alt=\"\" width=\"345\" height=\"480\" srcset=\"https:\/\/www.zukunftgestalten.jetzt\/wp\/wp-content\/uploads\/2017\/08\/OW-digitale-Gemeinde-345x480.jpg 345w, https:\/\/www.zukunftgestalten.jetzt\/wp\/wp-content\/uploads\/2017\/08\/OW-digitale-Gemeinde-460x640.jpg 460w, https:\/\/www.zukunftgestalten.jetzt\/wp\/wp-content\/uploads\/2017\/08\/OW-digitale-Gemeinde.jpg 517w\" sizes=\"auto, (max-width: 345px) 100vw, 345px\" \/>stellt eine digitale Infrastruktur zur Verf\u00fcgung,\u00a0sodass man im Zeitalter der Digitalisierung alles f\u00fcr ein zuk\u00fcnftiges\u00a0Arbeiten, Leben und Wohnen vorfindet.<\/p>\n<p>&nbsp;<\/p>\n<p>Das bedeutet insbesondere:<br \/>\n\u2022 100% Breitbandzugang in jedem Haushalt!<br \/>\n\u2022 100% Versorgung in sp\u00e4testens 5 Jahren!<br \/>\n\u2022 100% Glasfaser!<br \/>\n\u2022 100\u00a0 MBit\/s Mindestgeschwindigkeit!<\/p>\n<p>&nbsp;<\/p>\n<p>Also: Hardfacts sind gefordert und keine Marketinggags.<\/p>\n<p>&nbsp;<\/p>\n<p>&nbsp;<\/p>\n<p>Hinweis: &#8222;Digitale Gemeinde&#8220; ist urheberechtlich gesch\u00fctzt!<\/p>\n<p>&nbsp;<\/p>\n<p>&nbsp;<\/p>\n<h1><strong>Alle wollen &#8222;die Jugend&#8220;<\/strong><\/h1>\n<p><img loading=\"lazy\" decoding=\"async\" class=\"alignnone wp-image-185\" src=\"https:\/\/www.zukunftgestalten.jetzt\/wp\/wp-content\/uploads\/2016\/10\/Jugend-mit-Zukunft-ronny_Seite_2-480x339.jpg\" alt=\"jugend-mit-zukunft-ronny_seite_2\" width=\"360\" height=\"254\" srcset=\"https:\/\/www.zukunftgestalten.jetzt\/wp\/wp-content\/uploads\/2016\/10\/Jugend-mit-Zukunft-ronny_Seite_2-480x339.jpg 480w, https:\/\/www.zukunftgestalten.jetzt\/wp\/wp-content\/uploads\/2016\/10\/Jugend-mit-Zukunft-ronny_Seite_2-768x543.jpg 768w, https:\/\/www.zukunftgestalten.jetzt\/wp\/wp-content\/uploads\/2016\/10\/Jugend-mit-Zukunft-ronny_Seite_2-640x452.jpg 640w\" sizes=\"auto, (max-width: 360px) 100vw, 360px\" \/><\/p>\n<p>&nbsp;<\/p>\n<h1><strong>Abwanderung, \u00dcberalterung und weniger Arbeit<\/strong><\/h1>\n<p>So schaut die zuk\u00fcnftige\u00a0Bev\u00f6lkerungsentwicklung\u00a0aus, egal zu welchen wirtschaftspolitischen Themen:<\/p>\n<p><img loading=\"lazy\" decoding=\"async\" class=\"alignnone wp-image-302\" src=\"https:\/\/www.zukunftgestalten.jetzt\/wp\/wp-content\/uploads\/2016\/10\/36-Endbericht_Erwerbsprognose-2010-50vh-480x293.jpg\" alt=\"36-endbericht_erwerbsprognose-2010-50vh\" width=\"399\" height=\"244\" srcset=\"https:\/\/www.zukunftgestalten.jetzt\/wp\/wp-content\/uploads\/2016\/10\/36-Endbericht_Erwerbsprognose-2010-50vh-480x293.jpg 480w, https:\/\/www.zukunftgestalten.jetzt\/wp\/wp-content\/uploads\/2016\/10\/36-Endbericht_Erwerbsprognose-2010-50vh-768x469.jpg 768w, https:\/\/www.zukunftgestalten.jetzt\/wp\/wp-content\/uploads\/2016\/10\/36-Endbericht_Erwerbsprognose-2010-50vh-640x391.jpg 640w, https:\/\/www.zukunftgestalten.jetzt\/wp\/wp-content\/uploads\/2016\/10\/36-Endbericht_Erwerbsprognose-2010-50vh.jpg 1215w\" sizes=\"auto, (max-width: 399px) 100vw, 399px\" \/><\/p>\n<p>Das S\u00fcdburgenland stirbt jetzt schon aus, und wird es in Zukunft noch mehr tun!<\/p>\n<p>&nbsp;<\/p>\n<h1><strong>Politik f\u00fcr die Jugend!<\/strong><\/h1>\n<p>Beispiel Oberwart. Die aktuelle Alterspyramide im Vergleich\u00a0(vergleichbare Stadt in \u00d6, gleiche gr\u00f6ssenordnung, best in class) zeigt die deutliche \u00dcberalterung schon heute:<\/p>\n<p><img loading=\"lazy\" decoding=\"async\" class=\"alignnone wp-image-300\" src=\"https:\/\/www.zukunftgestalten.jetzt\/wp\/wp-content\/uploads\/2016\/10\/altes-OW-gegeueberstellung-mit-JUNGER-gemeinde.jpg\" alt=\"altes-ow-gegeueberstellung-mit-junger-gemeinde\" width=\"317\" height=\"398\" \/><\/p>\n<p>Auffallend ist hier die\u00a0sehr hohe Alterslastigkeit (rot &#8230; OW; weiss &#8230; Vergleichsstadt).<\/p>\n<p>Entscheidend wird sein, welche Rahmenbedingungen die Gemeinde f\u00fcr die jetzige und zuk\u00fcnftige Jugend bieten wird.<\/p>\n<p>&nbsp;<\/p>\n<h1><strong>mein Oberwart. meine Zukunft.<\/strong><\/h1>\n<p>&#8230; und irgendwann bleib i dann dort&#8230;<\/p>\n<p><img loading=\"lazy\" decoding=\"async\" class=\"alignnone size-medium wp-image-451\" src=\"https:\/\/www.zukunftgestalten.jetzt\/wp\/wp-content\/uploads\/2016\/12\/und_irgendwann_bleib_i_dann_dort-480x360.jpg\" alt=\"\" width=\"480\" height=\"360\" srcset=\"https:\/\/www.zukunftgestalten.jetzt\/wp\/wp-content\/uploads\/2016\/12\/und_irgendwann_bleib_i_dann_dort-480x360.jpg 480w, https:\/\/www.zukunftgestalten.jetzt\/wp\/wp-content\/uploads\/2016\/12\/und_irgendwann_bleib_i_dann_dort-768x576.jpg 768w, https:\/\/www.zukunftgestalten.jetzt\/wp\/wp-content\/uploads\/2016\/12\/und_irgendwann_bleib_i_dann_dort-640x480.jpg 640w, https:\/\/www.zukunftgestalten.jetzt\/wp\/wp-content\/uploads\/2016\/12\/und_irgendwann_bleib_i_dann_dort.jpg 960w\" sizes=\"auto, (max-width: 480px) 100vw, 480px\" \/><\/p>\n<p>mein oberwart. meine zukunft.<\/p>\n<p>unser oberwart. unsere zukunft.<\/p>\n<p>mein oberwart. mein leben.<\/p>\n<p>Es muss uns gelingen, in der Jugend eine Heimatbindung so aufzubauen, dass sie nach der Ausbildungs- und erster Berufsphase die Leute\u00a0wieder die Heimat zur\u00fcckfinden l\u00e4sst.<\/p>\n<p>&nbsp;<\/p>\n<h1><strong>Mitgestalten statt nur Zuschauen!<\/strong><\/h1>\n<p>Ein zuk\u00fcnftiger Ansatz f\u00fcr Gemeinden ist jedenfalls das aktive Gestalten, und nicht nur das Verwalten\u00a0der Gemeinde.<\/p>\n<p>Eine Art der Gestaltung ist, eine Betriebsansiedlung aktiv zu managen, und diese in eine Politik zu giessen.<\/p>\n<p>&nbsp;<\/p>\n<h1><strong>Start-Up\u00b4s f\u00f6rdern!<\/strong><\/h1>\n<p>Die zuk\u00fcnftige St\u00fctze des Oberwarter Wirtschaftslebens werden die Start-Up\u00b4s, EPU\u00b4s und KMU\u00b4s sein.<\/p>\n<p>Daher ist ein wirtschaftspolitisches Programm mit solchen\u00a0Schwerpunktsetzungen unbedingt auf diese Gruppe\u00a0auszurichten!<\/p>\n<p><img loading=\"lazy\" decoding=\"async\" class=\"alignnone size-medium wp-image-544\" src=\"https:\/\/www.zukunftgestalten.jetzt\/wp\/wp-content\/uploads\/2016\/12\/StartUP-EPU-KMU-480x360.jpg\" alt=\"\" width=\"480\" height=\"360\" srcset=\"https:\/\/www.zukunftgestalten.jetzt\/wp\/wp-content\/uploads\/2016\/12\/StartUP-EPU-KMU-480x360.jpg 480w, https:\/\/www.zukunftgestalten.jetzt\/wp\/wp-content\/uploads\/2016\/12\/StartUP-EPU-KMU-768x576.jpg 768w, https:\/\/www.zukunftgestalten.jetzt\/wp\/wp-content\/uploads\/2016\/12\/StartUP-EPU-KMU-640x480.jpg 640w, https:\/\/www.zukunftgestalten.jetzt\/wp\/wp-content\/uploads\/2016\/12\/StartUP-EPU-KMU.jpg 960w\" sizes=\"auto, (max-width: 480px) 100vw, 480px\" \/><\/p>\n<p>&nbsp;<\/p>\n<h1><strong>Oberwart in Regionen entwickeln!<\/strong><\/h1>\n<p><img loading=\"lazy\" decoding=\"async\" class=\"alignnone size-medium wp-image-453\" src=\"https:\/\/www.zukunftgestalten.jetzt\/wp\/wp-content\/uploads\/2016\/12\/Areale_entwickeln-480x360.jpg\" alt=\"\" width=\"480\" height=\"360\" srcset=\"https:\/\/www.zukunftgestalten.jetzt\/wp\/wp-content\/uploads\/2016\/12\/Areale_entwickeln-480x360.jpg 480w, https:\/\/www.zukunftgestalten.jetzt\/wp\/wp-content\/uploads\/2016\/12\/Areale_entwickeln-768x576.jpg 768w, https:\/\/www.zukunftgestalten.jetzt\/wp\/wp-content\/uploads\/2016\/12\/Areale_entwickeln-640x480.jpg 640w, https:\/\/www.zukunftgestalten.jetzt\/wp\/wp-content\/uploads\/2016\/12\/Areale_entwickeln.jpg 960w\" sizes=\"auto, (max-width: 480px) 100vw, 480px\" \/><\/p>\n<p>Eine Standortpolitik ist Grundvoraussetzung f\u00fcr eine zukunftsorientierte Entwicklung.<\/p>\n<p>&nbsp;<\/p>\n<h1><strong>Struktur einer zukunftsorientierten Gemeinde<\/strong><\/h1>\n<p>Die Aufgaben einer Gemeinde sind prim\u00e4r in der hoheitlichen Verwaltung, der gemeindeeigenen T\u00e4tigkeiten wie Strassen, Kanal, allgemeine Gemeindeeinrichtungen zu finden.<\/p>\n<p>Das kann man in einem\u00a0Begriff\u00a0der &#8222;VERWALTUNG&#8220; zuordnen. Allerdings geh\u00f6rt hier f\u00fcr die <span style=\"color: #0000ff;\">Zukunftsorientierung einer Gemeinde\u00a0<\/span>unbedingt\u00a0der Begriff &#8222;<span style=\"color: #0000ff;\">GESTALTUNG<\/span>&#8220; erg\u00e4nzt, der sich den Zukunftsfragen widmet!<\/p>\n<p><img loading=\"lazy\" decoding=\"async\" class=\" wp-image-417 alignright\" src=\"https:\/\/www.zukunftgestalten.jetzt\/wp\/wp-content\/uploads\/2016\/11\/organigramm-480x246.jpg\" alt=\"organigramm\" width=\"306\" height=\"157\" srcset=\"https:\/\/www.zukunftgestalten.jetzt\/wp\/wp-content\/uploads\/2016\/11\/organigramm-480x246.jpg 480w, https:\/\/www.zukunftgestalten.jetzt\/wp\/wp-content\/uploads\/2016\/11\/organigramm-768x393.jpg 768w, https:\/\/www.zukunftgestalten.jetzt\/wp\/wp-content\/uploads\/2016\/11\/organigramm-640x328.jpg 640w, https:\/\/www.zukunftgestalten.jetzt\/wp\/wp-content\/uploads\/2016\/11\/organigramm.jpg 938w\" sizes=\"auto, (max-width: 306px) 100vw, 306px\" \/><\/p>\n<p>Verwaltung<\/p>\n<p style=\"padding-left: 60px;\">hoheitliche T\u00e4tigkeiten<\/p>\n<p style=\"padding-left: 60px;\">gemeindeeigenen T\u00e4tigkeiten<\/p>\n<p style=\"padding-left: 60px;\">gemeindeeigene T\u00e4tigkeiten im Verbund<\/p>\n<p style=\"padding-left: 60px;\">gemeindeeigene T\u00e4tigkeiten in ausgelagerter Gesellschaft<\/p>\n<p>&nbsp;<\/p>\n<p><span style=\"color: #0000ff;\">Gestaltung<\/span><\/p>\n<p style=\"padding-left: 60px;\">gemeindeferne T\u00e4tigkeiten in ausgelagerter Gesellschaft<\/p>\n<p style=\"padding-left: 60px;\"><span style=\"color: #0000ff;\">Betriebsansiedlung<\/span><\/p>\n<p>&nbsp;<\/p>\n<h1><strong>Betriebsansiedlung im Erfolgsdreieck der Zukunft<\/strong><\/h1>\n<p><img loading=\"lazy\" decoding=\"async\" class=\"alignnone size-medium wp-image-449\" src=\"https:\/\/www.zukunftgestalten.jetzt\/wp\/wp-content\/uploads\/2016\/12\/Dreieck-betriebsansiedlung-480x360.jpg\" alt=\"\" width=\"480\" height=\"360\" srcset=\"https:\/\/www.zukunftgestalten.jetzt\/wp\/wp-content\/uploads\/2016\/12\/Dreieck-betriebsansiedlung-480x360.jpg 480w, https:\/\/www.zukunftgestalten.jetzt\/wp\/wp-content\/uploads\/2016\/12\/Dreieck-betriebsansiedlung-768x576.jpg 768w, https:\/\/www.zukunftgestalten.jetzt\/wp\/wp-content\/uploads\/2016\/12\/Dreieck-betriebsansiedlung-640x480.jpg 640w, https:\/\/www.zukunftgestalten.jetzt\/wp\/wp-content\/uploads\/2016\/12\/Dreieck-betriebsansiedlung.jpg 960w\" sizes=\"auto, (max-width: 480px) 100vw, 480px\" \/><\/p>\n<p>Das Erfolgsdreieck der\u00a0zuk\u00fcnftigen Entwicklung von Oberwart besteht aus der Gemeindevertretung, der Gemeindeverwaltung und\u00a0einer Betriebsansiedlung.<\/p>\n<p>&nbsp;<\/p>\n<h1><strong>Breitband als Infrastruktur hat Prio 1<\/strong><\/h1>\n<p>Im Zeitalter der digitalen Disruption ist eine breitbandige Internetanbindung ein absolut notwendiger \u00dcberlebensfaktor.<br \/>\nWo es die nicht gibt, ist W\u00fcste!<\/p>\n<h3>INFRASTRUKTUR: Glasfaser hat h\u00f6chste Priorit\u00e4t!<\/h3>\n<p><a href=\"https:\/\/www.zukunftgestalten.jetzt\/wp\/wp-content\/uploads\/2016\/11\/Hausanschluss_640px.jpg\"><img loading=\"lazy\" decoding=\"async\" class=\"alignright wp-image-393\" src=\"https:\/\/www.zukunftgestalten.jetzt\/wp\/wp-content\/uploads\/2016\/11\/Hausanschluss_640px-480x480.jpg\" alt=\"hausanschluss_640px\" width=\"189\" height=\"189\" srcset=\"https:\/\/www.zukunftgestalten.jetzt\/wp\/wp-content\/uploads\/2016\/11\/Hausanschluss_640px-480x480.jpg 480w, https:\/\/www.zukunftgestalten.jetzt\/wp\/wp-content\/uploads\/2016\/11\/Hausanschluss_640px-150x150.jpg 150w, https:\/\/www.zukunftgestalten.jetzt\/wp\/wp-content\/uploads\/2016\/11\/Hausanschluss_640px.jpg 640w\" sizes=\"auto, (max-width: 189px) 100vw, 189px\" \/><\/a>Wenn man ein Haus baut, beachtet man immer die Ver- und Entsorgung, wie:<\/p>\n<ul>\n<li>Strasse,<\/li>\n<li>Wasser,<\/li>\n<li>Kanal,<\/li>\n<li>Strom,<\/li>\n<li>Gas,<\/li>\n<li>Fernw\u00e4rme.<\/li>\n<\/ul>\n<p>Daf\u00fcr gibt es immerhin kommunale (gesetzliche) Vorgaben und Verpflichtungen. Das ist in der heutigen Zeit jedoch eindeutig zuwenig: es fehlt die<\/p>\n<ul>\n<li>Breitbandanbindung !<\/li>\n<\/ul>\n<h3>NEUE GESETZLICHE (AN)FORDERUNGEN<img loading=\"lazy\" decoding=\"async\" class=\" wp-image-403 alignright\" src=\"https:\/\/www.zukunftgestalten.jetzt\/wp\/wp-content\/uploads\/2016\/11\/paragraph.jpg\" alt=\"paragraph\" width=\"276\" height=\"276\" srcset=\"https:\/\/www.zukunftgestalten.jetzt\/wp\/wp-content\/uploads\/2016\/11\/paragraph.jpg 480w, https:\/\/www.zukunftgestalten.jetzt\/wp\/wp-content\/uploads\/2016\/11\/paragraph-150x150.jpg 150w\" sizes=\"auto, (max-width: 276px) 100vw, 276px\" \/><\/h3>\n<p>In die <strong>BAUORDNUNG<\/strong> muss eine gesetzliche Verpflichtung aufgenommen werden, Anschl\u00fcsse f\u00fcr Telekommunikationsleitungen vom Haus bis zur Grundgrenze vorzusehen.<\/p>\n<p>Auf <strong>\u00d6FFENTLICHEM GRUND<\/strong> der Kommunen m\u00fcssen prinzipiell bei jedem Bauvorhaben Leerverrohrungen f\u00fcr die zuk\u00fcnftige Nutzung zur Breitbandkabelversorgung mitverlegt werden.<\/p>\n<p><strong>DIENSTBARKEITEN<\/strong> auf \u00f6ffentlichen Grund (wie beispielsweise\u00a0Leitungsverlegungen an Strom- Gas- Wasser- Kanal-versorger und -betreiber) d\u00fcrfen nur mehr dann einger\u00e4umt werden, wenn auch Leerverrohrungen f\u00fcr Breitbandanwendungen vom Dienstbarkeitsnehmer f\u00fcr die\u00a0Gemeinde\u00a0gleichzeitig mitverlegt werden.<br \/>\nDie Gemeinden stellen die Leerrohre zur Verf\u00fcgung und diese verbleiben auch nach dem Einbauen in deren Eigentum. Somit entsteht eine zuk\u00fcnftige infrastrukturelle Hoheit f\u00fcr Breitbandanbindungen aller B\u00fcrger in der Hand der Gemeinde, und nicht irgendwelcher Konzerne.<\/p>\n<h3>GLAS statt FUNK!<\/h3>\n<p><img loading=\"lazy\" decoding=\"async\" class=\"wp-image-392 alignnone\" src=\"https:\/\/www.zukunftgestalten.jetzt\/wp\/wp-content\/uploads\/2016\/11\/Glasfaser_800px-480x360.jpg\" alt=\"glasfaser_800px\" width=\"151\" height=\"113\" srcset=\"https:\/\/www.zukunftgestalten.jetzt\/wp\/wp-content\/uploads\/2016\/11\/Glasfaser_800px-480x360.jpg 480w, https:\/\/www.zukunftgestalten.jetzt\/wp\/wp-content\/uploads\/2016\/11\/Glasfaser_800px-768x576.jpg 768w, https:\/\/www.zukunftgestalten.jetzt\/wp\/wp-content\/uploads\/2016\/11\/Glasfaser_800px-640x480.jpg 640w, https:\/\/www.zukunftgestalten.jetzt\/wp\/wp-content\/uploads\/2016\/11\/Glasfaser_800px.jpg 800w\" sizes=\"auto, (max-width: 151px) 100vw, 151px\" \/><\/p>\n<p>Funkl\u00f6sungen sind tempor\u00e4r sinnvoll, aber langfristig falsch.<\/p>\n<p>F\u00fcr Funkl\u00f6sungen brauche ich die Ressource &#8222;Luft&#8220;:<br \/>\nLuft &#8211; Ressource gibts nur einmal zur Verf\u00fcgung und ist daher begrenzt &gt;&gt;&gt; Datentransfer begrenzt.<br \/>\nGlasfaser &#8211; Ressource ist skalierbar (unbegrenzt) &gt;&gt;&gt; Datentransfer unbegrenzt.<\/p>\n<p><img loading=\"lazy\" decoding=\"async\" class=\"wp-image-402 alignleft\" src=\"https:\/\/www.zukunftgestalten.jetzt\/wp\/wp-content\/uploads\/2016\/11\/no-lte-sendemast-364x480.jpg\" alt=\"no-lte-sendemast\" width=\"155\" height=\"205\" srcset=\"https:\/\/www.zukunftgestalten.jetzt\/wp\/wp-content\/uploads\/2016\/11\/no-lte-sendemast-364x480.jpg 364w, https:\/\/www.zukunftgestalten.jetzt\/wp\/wp-content\/uploads\/2016\/11\/no-lte-sendemast.jpg 422w\" sizes=\"auto, (max-width: 155px) 100vw, 155px\" \/>Funkl\u00f6sungen sind in der heutigen Zeit bequem, weil sie die enormen Aufw\u00e4nde der &#8222;last mile&#8220; deutlich reduzieren und relativ schnell verf\u00fcgbar sein k\u00f6nnen. Deshalb werden auch so viele Technologien entwickelt, beworben und beworben und beworben. Und gekauft. Es muss uns jedoch allen klar sein, dass es sich dabei nur um einen tempor\u00e4ren \u00dcbergang handelt; eine nachhaltige und zukunftsorientierte L\u00f6sung kann nur die Verkabelung bis zum Haus\/Wohnung sein. Erst ab dort macht Funk einen Sinn.<\/p>\n<p>&nbsp;<\/p>\n<p>&nbsp;<\/p>\n<p>&nbsp;<\/p>\n<p>&nbsp;<\/p>\n<h1><strong>Erfolgsfaktor Kooperation<\/strong><\/h1>\n<p>Die Diskussion ob wir schon im K6 sind oder noch im K5 sollen andere f\u00fchren. Wichtig f\u00fcr Oberwarts Betriebsansieldung wird\u00a0die Schwerpunktsetzung f\u00fcr Kooperationen sein.\u00a0Denn Kooperation ist einer der wenigen Schl\u00fcsselqualifikationen die in beiden Ks gefragt sind.<\/p>\n<p><img loading=\"lazy\" decoding=\"async\" class=\"alignnone size-medium wp-image-543\" src=\"https:\/\/www.zukunftgestalten.jetzt\/wp\/wp-content\/uploads\/2016\/12\/K5oderK6-480x360.jpg\" alt=\"\" width=\"480\" height=\"360\" srcset=\"https:\/\/www.zukunftgestalten.jetzt\/wp\/wp-content\/uploads\/2016\/12\/K5oderK6-480x360.jpg 480w, https:\/\/www.zukunftgestalten.jetzt\/wp\/wp-content\/uploads\/2016\/12\/K5oderK6-768x576.jpg 768w, https:\/\/www.zukunftgestalten.jetzt\/wp\/wp-content\/uploads\/2016\/12\/K5oderK6-640x480.jpg 640w, https:\/\/www.zukunftgestalten.jetzt\/wp\/wp-content\/uploads\/2016\/12\/K5oderK6.jpg 960w\" sizes=\"auto, (max-width: 480px) 100vw, 480px\" \/><\/p>\n<h1>Wegweiser in die digitale Zukunft<\/h1>\n<p>Die \u00f6sterreichische Bundesregierung hat den Wegweiser in die digitale Zukunft festgelegt. \u00a0Es ist\u00a0ein gemeinsames, dynamisches Strategiepapier f\u00fcr uns alle. Nutzen wir es!<\/p>\n<p><img loading=\"lazy\" decoding=\"async\" class=\"wp-image-602 alignnone\" src=\"https:\/\/www.zukunftgestalten.jetzt\/wp\/wp-content\/uploads\/2017\/02\/dRm-Ministerrat-pic-teaser-480x319.jpg\" alt=\"\" width=\"336\" height=\"223\" srcset=\"https:\/\/www.zukunftgestalten.jetzt\/wp\/wp-content\/uploads\/2017\/02\/dRm-Ministerrat-pic-teaser-480x319.jpg 480w, https:\/\/www.zukunftgestalten.jetzt\/wp\/wp-content\/uploads\/2017\/02\/dRm-Ministerrat-pic-teaser-640x425.jpg 640w, https:\/\/www.zukunftgestalten.jetzt\/wp\/wp-content\/uploads\/2017\/02\/dRm-Ministerrat-pic-teaser.jpg 738w\" sizes=\"auto, (max-width: 336px) 100vw, 336px\" \/><\/p>\n","protected":false},"excerpt":{"rendered":"<p>Oberwart muss eine Digitale Gemeinde und damit zukunftsfit werden! Eine &#8222;Digitale Gemeinde\u201c stellt eine digitale Infrastruktur zur Verf\u00fcgung,\u00a0sodass man im Zeitalter der Digitalisierung alles f\u00fcr &#8230; <a title=\"Gemeinde &#038; Oberwart\" class=\"read-more\" href=\"https:\/\/www.zukunftgestalten.jetzt\/wp\/?page_id=202\" aria-label=\"Mehr Informationen \u00fcber Gemeinde &#038; Oberwart\">Weiterlesen &#8230;<\/a><\/p>\n","protected":false},"author":1,"featured_media":0,"parent":76,"menu_order":0,"comment_status":"closed","ping_status":"closed","template":"","meta":{"footnotes":""},"class_list":["post-202","page","type-page","status-publish"],"_links":{"self":[{"href":"https:\/\/www.zukunftgestalten.jetzt\/wp\/index.php?rest_route=\/wp\/v2\/pages\/202","targetHints":{"allow":["GET"]}}],"collection":[{"href":"https:\/\/www.zukunftgestalten.jetzt\/wp\/index.php?rest_route=\/wp\/v2\/pages"}],"about":[{"href":"https:\/\/www.zukunftgestalten.jetzt\/wp\/index.php?rest_route=\/wp\/v2\/types\/page"}],"author":[{"embeddable":true,"href":"https:\/\/www.zukunftgestalten.jetzt\/wp\/index.php?rest_route=\/wp\/v2\/users\/1"}],"replies":[{"embeddable":true,"href":"https:\/\/www.zukunftgestalten.jetzt\/wp\/index.php?rest_route=%2Fwp%2Fv2%2Fcomments&post=202"}],"version-history":[{"count":46,"href":"https:\/\/www.zukunftgestalten.jetzt\/wp\/index.php?rest_route=\/wp\/v2\/pages\/202\/revisions"}],"predecessor-version":[{"id":678,"href":"https:\/\/www.zukunftgestalten.jetzt\/wp\/index.php?rest_route=\/wp\/v2\/pages\/202\/revisions\/678"}],"up":[{"embeddable":true,"href":"https:\/\/www.zukunftgestalten.jetzt\/wp\/index.php?rest_route=\/wp\/v2\/pages\/76"}],"wp:attachment":[{"href":"https:\/\/www.zukunftgestalten.jetzt\/wp\/index.php?rest_route=%2Fwp%2Fv2%2Fmedia&parent=202"}],"curies":[{"name":"wp","href":"https:\/\/api.w.org\/{rel}","templated":true}]}}